{"id":56,"date":"2025-10-27T19:43:44","date_gmt":"2025-10-27T19:43:44","guid":{"rendered":"https:\/\/albanieoffroadpruvodce.cz\/?page_id=56"},"modified":"2025-10-27T19:43:44","modified_gmt":"2025-10-27T19:43:44","slug":"kudy-do-albanie","status":"publish","type":"page","link":"https:\/\/albanieoffroadpruvodce.cz\/?page_id=56","title":{"rendered":"Kudy do Alb\u00e1nie"},"content":{"rendered":"<!-- wp:themify-builder\/canvas \/-->","protected":false},"excerpt":{"rendered":"","protected":false},"author":1,"featured_media":0,"parent":0,"menu_order":0,"comment_status":"closed","ping_status":"closed","template":"","meta":{"footnotes":""},"class_list":["post-56","page","type-page","status-publish","hentry","has-post-title","has-post-date","has-post-category","has-post-tag","has-post-comment","has-post-author",""],"builder_content":"<p>Alb\u00e1nie stoj\u00ed za samostatnou v\u00fdpravu. Kombinace s okoln\u00edmi zem\u011bmi je zbyte\u010dn\u00e1, bude v\u00e1s st\u00e1t \u010das a kr\u00e1snou Alb\u00e1nii jen prol\u00e9tnete. Jako vstupn\u00ed bod do st\u0159edn\u00ed a severn\u00ed Alb\u00e1nie doporu\u010duji Debar\/Bllata. Do st\u0159edn\u00ed a ji\u017en\u00ed Alb\u00e1nie Qaf\u00eb e Than\u00ebs u Ohridsk\u00e9ho jezera.<\/p><p><strong>D\u00e1lnice Ma\u010farsko - Srbsko - Makedonie<\/strong><br \/>Nejrychlej\u0161\u00ed a nejpohodln\u011bj\u0161\u00ed cesta. D\u00e1lnice kon\u010d\u00ed v Makedonii u Gostivar a pak se jen kolem Mavrovsk\u00e9ho jezera p\u0159ehoupnete do st\u0159edn\u00ed Alb\u00e1nie. Nev\u00fdhodou d\u00e1lnice je, \u017ee je to migra\u010dn\u00ed trasa pro Turky z N\u011bmecka do Turecka a zp\u011bt. D\u00e1lnice je v l\u00e9t\u011b hodn\u011b pln\u00e1 a Turci jezd\u00ed jako prasata. V \u010dervenci tam a v srpnu zp\u011bt obje\u010fte d\u00e1lni\u010dn\u00ed hrani\u010dn\u00ed p\u0159echody, kde jsou hodinov\u00e9 fronty. Ma\u010farsko - Srbsk\u00fd p\u0159echod Horgo\u0161 obje\u010fte p\u0159es m\u011bsto Sze-ged a mal\u00fd p\u0159echod Tiszasziget (otev\u0159eno 01.10-30.09: 08.00-18.00hod; 01.10-30.04: 08.00-16.00hod). D\u00e1lni\u010dn\u00ed hrani\u010dn\u00ed p\u0159echod Srbsko - Makedonie v Tabanovc\u00edch obje\u010fte bu\u010f t\u011bsn\u011b vedle po silnici \u010d.158\/R1104 (po dostavb\u011b d\u00e1lnice mo\u017en\u00e1 uzav\u0159e-no a m\u016f\u017ee b\u00fdt tak\u00e9 pln\u00fd) nebo je\u0161t\u011b l\u00e9pe v\u00edce v\u00fdchodn\u011b po hezk\u00e9 cest\u011b skaln\u00ed sout\u011bskou po silnici \u010d.233\/RR1207 p\u0159es Starac a Pe-lintce (otev\u0159eno 24hod). V Makedonii vyjedete p\u0159\u00edmo pod prehistorickou observato\u0159\u00ed Kokino. Tato trasa trv\u00e1 obvykle 15hod.<\/p><p><strong>Jadransk\u00e1 magistr\u00e1la<\/strong><br \/>Na t\u00e9to trase se nevyhnete letn\u00edm kolon\u00e1m a cesta z Chorvatska p\u0159es Bosnu a \u010cernou horu je nekone\u010dn\u00e1.<\/p><p><strong>B\u011blehrad - Bosna - \u010cern\u00e1 hora - sever Alb\u00e1nie<\/strong><br \/>Hezk\u00e1, ale pomal\u00e1 trasa po vedlej\u0161\u00edch silnic\u00edch a p\u0159es hory.<\/p><p><strong>B\u011blehrad - Kosovo<\/strong><br \/>Nedoporu\u010duji, Srbov\u00e9 neuzn\u00e1vaj\u00ed kosovskou hranici a d\u011blaj\u00ed probl\u00e9my p\u0159i n\u00e1vratu s raz\u00edtky v pasu.<\/p><p><strong>Trajekt Ben\u00e1tky - Igoumenitca<\/strong><br \/>To nen\u00ed \u0161patn\u00e1 volba do ji\u017en\u00ed Alb\u00e1nie. P\u0159\u00edjemn\u00e1, pohodln\u00e1, ale<br \/>zdlouhav\u00e1 cesta.<\/p>","_links":{"self":[{"href":"https:\/\/albanieoffroadpruvodce.cz\/index.php?rest_route=\/wp\/v2\/pages\/56","targetHints":{"allow":["GET"]}}],"collection":[{"href":"https:\/\/albanieoffroadpruvodce.cz\/index.php?rest_route=\/wp\/v2\/pages"}],"about":[{"href":"https:\/\/albanieoffroadpruvodce.cz\/index.php?rest_route=\/wp\/v2\/types\/page"}],"author":[{"embeddable":true,"href":"https:\/\/albanieoffroadpruvodce.cz\/index.php?rest_route=\/wp\/v2\/users\/1"}],"replies":[{"embeddable":true,"href":"https:\/\/albanieoffroadpruvodce.cz\/index.php?rest_route=%2Fwp%2Fv2%2Fcomments&post=56"}],"version-history":[{"count":2,"href":"https:\/\/albanieoffroadpruvodce.cz\/index.php?rest_route=\/wp\/v2\/pages\/56\/revisions"}],"predecessor-version":[{"id":58,"href":"https:\/\/albanieoffroadpruvodce.cz\/index.php?rest_route=\/wp\/v2\/pages\/56\/revisions\/58"}],"wp:attachment":[{"href":"https:\/\/albanieoffroadpruvodce.cz\/index.php?rest_route=%2Fwp%2Fv2%2Fmedia&parent=56"}],"curies":[{"name":"wp","href":"https:\/\/api.w.org\/{rel}","templated":true}]}}