{"id":566,"date":"2025-11-19T13:20:23","date_gmt":"2025-11-19T13:20:23","guid":{"rendered":"https:\/\/albanieoffroadpruvodce.cz\/?page_id=566"},"modified":"2025-12-28T09:00:44","modified_gmt":"2025-12-28T09:00:44","slug":"ubytovani-v-albanii","status":"publish","type":"page","link":"https:\/\/albanieoffroadpruvodce.cz\/?page_id=566","title":{"rendered":"Ubytov\u00e1n\u00ed v Alb\u00e1nii"},"content":{"rendered":"<!-- wp:themify-builder\/canvas \/-->","protected":false},"excerpt":{"rendered":"","protected":false},"author":1,"featured_media":0,"parent":0,"menu_order":0,"comment_status":"closed","ping_status":"closed","template":"","meta":{"footnotes":""},"class_list":["post-566","page","type-page","status-publish","hentry","has-post-title","has-post-date","has-post-category","has-post-tag","has-post-comment","has-post-author",""],"builder_content":"<p>V Alb\u00e1nii na pob\u0159e\u017e\u00ed a ve m\u011bstech vyrostla za posledn\u00edch p\u00e1r let spousta hotel\u016f a kemp\u016f. Ale kdo by st\u00e1l o to sp\u00e1t ve m\u011bst\u011b nebo na p\u0159epln\u011bn\u00e9 pl\u00e1\u017ei. Nejkr\u00e1sn\u011bj\u0161\u00ed je sp\u00e1t pod \u0161ir\u00e1kem v hor\u00e1ch.<br \/>Alb\u00e1nci jsou mimo\u0159\u00e1dn\u011b pohostinn\u00ed a b\u011b\u017en\u011b se v hor\u00e1ch st\u00e1v\u00e1, \u017ee v\u00e1s ubytuj\u00ed u sebe doma. Pokud budete cht\u00edt sp\u00e1t osa-mocen\u011b, tak je ale lep\u0161\u00ed zajet k nejbli\u017e\u0161\u00edmu obydlen\u00e9mu domu, rukama a nohama vysv\u011btlit, \u017ee budete sp\u00e1t na sousedn\u00ed louce a nab\u00eddnout jim cigerety nebo pivo. Myslet si, \u017ee kdy\u017e se za\u0161ijete n\u011bkam do lesa, tak o v\u00e1s nikdo nev\u00ed, je hloup\u00e9. V\u011bd\u00ed o v\u00e1s cel\u00e9 hory.<br \/>V Alb\u00e1nii m\u00e1m dv\u011b velmi obl\u00edben\u00e1 m\u00edsta na bydlen\u00ed u m\u00edstn\u00edch a jeden ov\u011b\u0159en\u00fd hotel. Ubytov\u00e1n\u00ed u m\u00edstn\u00edch je jednoduch\u00e9, kdo pot\u0159ebuje luxusn\u00ed hotel, a\u0165 jede na rivi\u00e9ru.<\/p>\n<h3>Ubytov\u00e1n\u00ed p\u0159i cest\u011b na Lursk\u00e1 jezera<\/h3> <p>Penzion kamar\u00e1da Vladim\u00edra pou\u017e\u00edv\u00e1m jako svoji ne\u010dast\u011bj\u0161\u00ed z\u00e1kladnu v Alb\u00e1nii. P\u0159ijedu autem s lehkou motorkou p\u0159es Makedonii - Peshkopija, auto nech\u00e1m u Vladim\u00edra, sko\u010d\u00edm na mo-torku a hur\u00e1 za dal\u0161\u00edmi dobrodru\u017estv\u00edmi v Alb\u00e1nii.<br \/>Ubytov\u00e1n\u00ed sice nen\u00ed zcela dokon\u010den\u00e9, ale je \u00fapln\u011b nov\u00e9, jednoduch\u00e9, \u010dist\u00e9 a p\u0159\u00edjemn\u00e9, v nov\u011b postaven\u00e9m samostatn\u00e9m domku. Dva a brzy t\u0159i dvoul\u016f\u017ekov\u00e9 pokoje s vlastn\u00ed koupelnou a z\u00e1chodem.<br \/>T\u00e1bo\u0159it m\u016f\u017eete p\u0159\u00edpadn\u011b na louce vedle domu. Kdo sp\u00ed v aut\u011b, tak zajede do sadu za domem.<br \/>Vladim\u00edr\u016fv d\u016fm se trochu h\u016f\u0159e hled\u00e1. Na cest\u011b sm\u011brem od Peshkopi odbo\u010d\u00edte u cedule \u201eVladimir GuestHouse\u201c, kdy\u017e do-jedete k pomn\u00edku a ke \u0161kole, tak jste to p\u0159ejeli. Odbo\u010dte po pra\u0161n\u00e9 cest\u011b do vesnice a asi po 200m doleva p\u0159es zavla\u017eovac\u00ed kan\u00e1l po cest\u011b mezi sadem a polem p\u0159\u00edmo k b\u00edl\u00e9mu domu.<br \/>Sou\u010d\u00e1st\u00ed ubytov\u00e1n\u00ed je sn\u00eddan\u011b - s\u00fdr, vejce, marmel\u00e1da. V p\u0159\u00edpad\u011b z\u00e1jmu Vladim\u00edrovy man\u017eelky (ano m\u00e1 dv\u011b, tak je to v t\u00e9to oblasti norm\u00e1ln\u00ed), p\u0159iprav\u00ed v\u00fdbornou ve\u010de\u0159i, n\u011bjakou m\u00edstn\u00ed specialitu. Otec Vladim\u00edra p\u00e1l\u00ed vlastn\u00ed rakiji a pivo je v obchod\u011b asi 300m vzd\u00e1len\u00e9m.<br \/>Kus za \u0161kolou jsou ryb\u00ed s\u00e1dky a vedle restaurace, kde d\u011blaj\u00ed v\u00fdte\u010dn\u00e9 grilovan\u00e9 pstruhy.<br \/>Nad vesnic\u00ed je Skanderbegovo muzeum. Proti proudu \u0159eky v sout\u011bsce je jeskyn\u011b se zaj\u00edmav\u00fdm vodop\u00e1dem uvnit\u0159 kamenn\u00e9 st\u00e9ly.<br \/>Vesnice Arras je ide\u00e1ln\u00edm m\u00edstem pro v\u00fdlet na Lursk\u00e1 jezera. Okruh kolem jezer - Cidhen - Lur\u00eb e Vjet\u00ebr - Lursk\u00e1 jezera - Qafa Murr\u00eb - Rreth Kale - Arras je akor\u00e1t na cel\u00fd den. Hezk\u00fd je tak\u00e9 v\u00fdlet na druhou stranu k makedonsk\u00e9 hranici do masivu Korabit k jezeru Beska Zonjave 1900 m n.m. A v okol\u00ed se d\u00e1 vymyslet spousta dal\u0161\u00edch v\u00fdlet\u016f. Vladim\u00edr mluv\u00ed plynule anglicky - je u\u010ditel angli\u010dtiny.<\/p> <p><strong>Tankov\u00e1n<\/strong>\u00ed \u2013 Peshkopi pumpa Kastrati, cca. 10 km od Vladi-mira. Bl\u00ed\u017ee jsou dv\u011b benz\u00ednky, ale nebud\u00ed d\u016fv\u011bru. Obecn\u011b v\u0161ude v Alb\u00e1nii doporu\u010duji tankovat u Kastrati nebo Alpet.<\/p> <p><br \/>Vladimir Marku<br \/>email: markuvladimir@yahoo.com<br \/>web: gesthousemarku.yolasite.com\/<br \/>Mobil: + 355 68 65 06 061, + 355 69 28 45 694 GPS: N41 44.191 E20 19.251<\/p>\n<img src=\"https:\/\/albanieoffroadpruvodce.cz\/wp-content\/uploads\/2025\/10\/ubytovani-albanie-lurska-jezera-arras.jpg\" title=\"ubytovani-albanie-lurska-jezera-arras\" alt=\"ubytovani-albanie-lurska-jezera-arras\" srcset=\"https:\/\/albanieoffroadpruvodce.cz\/wp-content\/uploads\/2025\/10\/ubytovani-albanie-lurska-jezera-arras.jpg 600w, https:\/\/albanieoffroadpruvodce.cz\/wp-content\/uploads\/2025\/10\/ubytovani-albanie-lurska-jezera-arras-300x169.jpg 300w\" sizes=\"(max-width: 600px) 100vw, 600px\" \/>\n<h3>Nejlep\u0161\u00ed ubytov\u00e1n\u00ed v Teth<\/h3> <p>Nejlep\u0161\u00ed ubytov\u00e1n\u00ed v Theth nen\u00ed p\u0159\u00edmo ve vesnici Teth, ale o 5km n\u00ed\u017ee ve vesnici Nderlysaj. Vesnice Theth je na m\u016fj vkus u\u017e p\u0159\u00edli\u0161 turistick\u00e1, m\u00edstn\u00ed se skoro perou, koho kde ubytuj\u00ed, z amplionu na baru cel\u00fd den vyhr\u00e1v\u00e1 nahlas muzika. A vesnice je od kv\u011btna do \u0159\u00edjna pln\u00e1 dav\u016f zahrani\u010dn\u00edch i dom\u00e1c\u00edch turist\u016f.<br \/>Nderlysaj je o 5km n\u00ed\u017ee \u00fadol\u00edm po hezk\u00e9 vyhl\u00eddkov\u00e9 cest\u011b za elektr\u00e1rnou. Pod vodop\u00e1dem je velk\u00e1 t\u016f\u0148 se pstruhy, ovce, ja-lovcov\u00e9 les\u00edky, mal\u00fd bar s pivem, historick\u00fd ml\u00fdn.<br \/>Z Nderlysaj m\u016f\u017eete po \u010derven\u011b zna\u010den\u00e9 stezce vyrazit po druh\u00e9 stran\u011b \u0159eky moc hezkou proch\u00e1zkou nahoru do Thetu. Pro-jdete kolem vodop\u00e1du Grunas a p\u0159es \u201e\u010cesk\u00fd most\u201c dojdete kolem opevn\u011bn\u00e9ho domu \u201eKula\u201c do Thethu.<br \/>Nebo se m\u016f\u017eete vydat z Nderlysaj nahoru nad vodop\u00e1d k dal\u0161\u00edmu moc hezk\u00e9mu vodop\u00e1du v opu\u0161t\u011bn\u00e9 vesnici Capri. \u010cerven\u00e1 zna\u010dka odsud pokra\u010duje na sedlo Qafa e Thor\u00ebs 2000 m n. m.<br \/>Ubytov\u00e1n\u00ed v Nderlysaj poskytuje rodina Ded\u00eb.<br \/>D\u016fm je na cest\u011b, kter\u00e1 od ml\u00fdna zleva obch\u00e1z\u00ed spodem vesnici k vodop\u00e1du. Na br\u00e1n\u011b je neum\u011bl\u00fd n\u00e1pis \u201eHotel\u201c. Nenechte se odradit om\u0161el\u00fdm vzhledem domu, rodina Ded\u00eb \u017eije trvale ve Shkod\u00ebru a d\u016fm m\u00e1 jako chalupu na hor\u00e1ch. V dom\u011b se ukr\u00fdv\u00e1 opravdu velice slu\u0161n\u00e1 a \u010dist\u00e1 koupelna a z\u00e1chod. Hostinsk\u00fd pokoj je jenom jeden s \u0161esti l\u016f\u017eky, ale p\u0159ist\u00fdlka nebude probl\u00e9m. Nebo m\u016f\u017eete t\u00e1bo\u0159it na zahrad\u011b a vyu\u017e\u00edvat jen koupelnu a z\u00e1chod.<br \/>Star\u0161\u00ed syn Ded\u00eb um\u00ed anglicky, mlad\u0161\u00ed se u\u010d\u00ed.<br \/>GPS: N42 21.209 E19 46.261<\/p>\n<img src=\"https:\/\/albanieoffroadpruvodce.cz\/wp-content\/uploads\/2025\/10\/albanie-teth-ubytovani-5.jpg\" title=\"albanie-teth-ubytovani-5\" alt=\"albanie-teth-ubytovani-5\" srcset=\"https:\/\/albanieoffroadpruvodce.cz\/wp-content\/uploads\/2025\/10\/albanie-teth-ubytovani-5.jpg 800w, https:\/\/albanieoffroadpruvodce.cz\/wp-content\/uploads\/2025\/10\/albanie-teth-ubytovani-5-300x200.jpg 300w, https:\/\/albanieoffroadpruvodce.cz\/wp-content\/uploads\/2025\/10\/albanie-teth-ubytovani-5-768x513.jpg 768w\" sizes=\"(max-width: 800px) 100vw, 800px\" \/>\n<img src=\"https:\/\/albanieoffroadpruvodce.cz\/wp-content\/uploads\/2025\/10\/albanie-teth-ubytovani-2.jpg\" title=\"albanie-teth-ubytovani-2\" alt=\"albanie-teth-ubytovani-2\" srcset=\"https:\/\/albanieoffroadpruvodce.cz\/wp-content\/uploads\/2025\/10\/albanie-teth-ubytovani-2.jpg 800w, https:\/\/albanieoffroadpruvodce.cz\/wp-content\/uploads\/2025\/10\/albanie-teth-ubytovani-2-300x200.jpg 300w, https:\/\/albanieoffroadpruvodce.cz\/wp-content\/uploads\/2025\/10\/albanie-teth-ubytovani-2-768x513.jpg 768w\" sizes=\"(max-width: 800px) 100vw, 800px\" \/>\n<h3>Ubytov\u00e1n\u00ed Voskopoja<\/h3> <p>Hotel Royal ve Voskopoja sice nen\u00ed moje krevn\u00ed skupina, ale vlastn\u00ed ho m\u016fj v\u00fdborn\u00fd kamar\u00e1d Elsi, kter\u00fd n\u011bkolikr\u00e1t startoval s autem na Rally Albania a posledn\u00ed roky v\u017edy pom\u00e1h\u00e1 s po\u0159\u00e1d\u00e1-n\u00edm. A kdy\u017e je zima a pr\u0161\u00ed, tak je i luxusn\u00ed hotel dobr\u00fd...<br \/>Hotel stoj\u00ed nad m\u011bste\u010dkem Voskopoja. V okol\u00ed jsou n\u00e1dhern\u00e9 v\u00fdlety borov\u00fdmi lesy na motorku, off-road, ale i klidn\u011b p\u011b\u0161ky. Hotel sice nem\u00e1 parkov\u00e1n\u00ed za plotem, ale n\u011bkolikr\u00e1t jsem tady nech\u00e1val auto s vlekem d\u00e9le ne\u017e t\u00fdden a bezpe\u010dn\u011b, bez probl\u00e9m\u016f.<br \/>Elsi mluv\u00ed anglicky.<br \/>Elsi Bulka<br \/>Hotel Royal<br \/>email: Elbu_lcb@yahoo.it <br \/>mobil: +355684088797<br \/>GPS: N40 38.313 E20 35.857<\/p>\n<img src=\"https:\/\/albanieoffroadpruvodce.cz\/wp-content\/uploads\/2025\/10\/albanie-voskopoja-ubytovani-2.jpg\" title=\"albanie-voskopoja-ubytovani-2\" alt=\"albanie-voskopoja-ubytovani-2\" srcset=\"https:\/\/albanieoffroadpruvodce.cz\/wp-content\/uploads\/2025\/10\/albanie-voskopoja-ubytovani-2.jpg 852w, https:\/\/albanieoffroadpruvodce.cz\/wp-content\/uploads\/2025\/10\/albanie-voskopoja-ubytovani-2-300x211.jpg 300w, https:\/\/albanieoffroadpruvodce.cz\/wp-content\/uploads\/2025\/10\/albanie-voskopoja-ubytovani-2-768x540.jpg 768w\" sizes=\"(max-width: 852px) 100vw, 852px\" \/>\n<h3>Vila Sigal, Berat<\/h3> <p>Span\u00ed po hotelech nen\u00ed m\u016fj styl. Hotel Sigal v Beratu v\u0161ak vlastn\u00ed dal\u0161\u00ed kamar\u00e1d z Rally Albania. Hotel je v typick\u00e9m stylu star\u00fdch kamenn\u00fdch dom\u016f v Beratu. Romatick\u00fd, stylov\u00fd a moc p\u011bkn\u00fd. M\u011bsto Berat stoj\u00ed za vid\u011bn\u00ed, bohu\u017eel je pln\u00e9 turist\u016f.<\/p> <p>Vila Sigal, Berat N40 42.320 E19 57.037<br \/><a href=\"https:\/\/www.booking.com\/hotel\/al\/vila-sigal-berat.cs.html\">https:\/\/www.booking.com\/hotel\/al\/vila-sigal-berat.cs.html<\/a><\/p> <p>\u00a0<\/p>\n<img src=\"https:\/\/albanieoffroadpruvodce.cz\/wp-content\/uploads\/2025\/12\/the-small-vila-sigal.jpg\" title=\"the-small-vila-sigal\" alt=\"the-small-vila-sigal\" srcset=\"https:\/\/albanieoffroadpruvodce.cz\/wp-content\/uploads\/2025\/12\/the-small-vila-sigal.jpg 931w, https:\/\/albanieoffroadpruvodce.cz\/wp-content\/uploads\/2025\/12\/the-small-vila-sigal-300x247.jpg 300w, https:\/\/albanieoffroadpruvodce.cz\/wp-content\/uploads\/2025\/12\/the-small-vila-sigal-768x634.jpg 768w\" sizes=\"(max-width: 931px) 100vw, 931px\" \/>\n<h3>Pivovar Puk\u00eb<\/h3> <p>V Puk\u00eb je nov\u00fd pivovar, kter\u00fd stoj\u00ed za zm\u00ednku. Va\u0159\u00ed p\u0159edev\u0161\u00edm siln\u011b chmelen\u00e1 piva americk\u00e9ho typu \u2013 IPA a ALE. Pivovar nab\u00edz\u00ed ubytov\u00e1n\u00ed a je p\u0159\u00edmo na n\u00e1m\u011bst\u00ed.<\/p> <p>Puk\u00eb Brewery N42 02.551 E19 54.020<\/p>\n<img src=\"https:\/\/albanieoffroadpruvodce.cz\/wp-content\/uploads\/2025\/12\/puka-beer.jpg\" title=\"puka-beer\" alt=\"puka-beer\" srcset=\"https:\/\/albanieoffroadpruvodce.cz\/wp-content\/uploads\/2025\/12\/puka-beer.jpg 634w, https:\/\/albanieoffroadpruvodce.cz\/wp-content\/uploads\/2025\/12\/puka-beer-300x300.jpg 300w, https:\/\/albanieoffroadpruvodce.cz\/wp-content\/uploads\/2025\/12\/puka-beer-150x150.jpg 150w\" sizes=\"(max-width: 634px) 100vw, 634px\" \/>","_links":{"self":[{"href":"https:\/\/albanieoffroadpruvodce.cz\/index.php?rest_route=\/wp\/v2\/pages\/566","targetHints":{"allow":["GET"]}}],"collection":[{"href":"https:\/\/albanieoffroadpruvodce.cz\/index.php?rest_route=\/wp\/v2\/pages"}],"about":[{"href":"https:\/\/albanieoffroadpruvodce.cz\/index.php?rest_route=\/wp\/v2\/types\/page"}],"author":[{"embeddable":true,"href":"https:\/\/albanieoffroadpruvodce.cz\/index.php?rest_route=\/wp\/v2\/users\/1"}],"replies":[{"embeddable":true,"href":"https:\/\/albanieoffroadpruvodce.cz\/index.php?rest_route=%2Fwp%2Fv2%2Fcomments&post=566"}],"version-history":[{"count":14,"href":"https:\/\/albanieoffroadpruvodce.cz\/index.php?rest_route=\/wp\/v2\/pages\/566\/revisions"}],"predecessor-version":[{"id":922,"href":"https:\/\/albanieoffroadpruvodce.cz\/index.php?rest_route=\/wp\/v2\/pages\/566\/revisions\/922"}],"wp:attachment":[{"href":"https:\/\/albanieoffroadpruvodce.cz\/index.php?rest_route=%2Fwp%2Fv2%2Fmedia&parent=566"}],"curies":[{"name":"wp","href":"https:\/\/api.w.org\/{rel}","templated":true}]}}