{"id":574,"date":"2025-11-19T13:27:55","date_gmt":"2025-11-19T13:27:55","guid":{"rendered":"https:\/\/albanieoffroadpruvodce.cz\/?page_id=574"},"modified":"2025-12-01T15:19:21","modified_gmt":"2025-12-01T15:19:21","slug":"kde-jsem-potkal-nejlepsi-lidi","status":"publish","type":"page","link":"https:\/\/albanieoffroadpruvodce.cz\/?page_id=574","title":{"rendered":"Kde jsem potkal nejlep\u0161\u00ed lidi?"},"content":{"rendered":"<!-- wp:themify-builder\/canvas \/-->","protected":false},"excerpt":{"rendered":"","protected":false},"author":1,"featured_media":0,"parent":0,"menu_order":0,"comment_status":"closed","ping_status":"closed","template":"","meta":{"footnotes":""},"class_list":["post-574","page","type-page","status-publish","hentry","has-post-title","has-post-date","has-post-category","has-post-tag","has-post-comment","has-post-author",""],"builder_content":"<p>Sed\u011bl jsem ve\u010der v N\u011bmecku v Hechlingenu v hospod\u011b. Dostal jsem se sem vlastn\u011b n\u00e1hodou, proto\u017ee jsem v jednom \u010dasopise vyplnil anketu a vyhr\u00e1l tak v\u00edkendov\u00fd enduro tr\u00e9nink v Enduro parku BMW Hechlingen.<br \/>A jak tak v p\u00e1tek po p\u0159\u00edjezdu sed\u00edm v t\u00e9 hospod\u011b a piju si svoje pivo, tak si na bar sedli chlap\u00edci v mikin\u00e1ch a tri\u010dk\u00e1ch HP2, BWM Fahrer Training a tak podobn\u011b. Aha, to asi budou instrukto\u0159i. Zp\u016fsobn\u011b se zved\u00e1m od piva a p\u0159edstavuji se jim. Pok\u00fdvaj\u00ed hlavou, pronesou p\u00e1r zdvo\u0159ilost\u00ed a v\u00edce si m\u011b nev\u0161\u00edmaj\u00ed.<br \/>Hm, tak si sed\u00e1m ke sv\u00e9mu pivu a dlabu ve\u010de\u0159i. K vedlej\u0161\u00edmu stolu si sed\u00e1 skupina \u010dty\u0159 chlap\u00edk\u016f a za\u010d\u00edn\u00e1 se bavit, sv\u011bte div se, rusky. Okam\u017eit\u011b pook\u0159eji, jsem antisov\u011btsk\u00fd rusofil a d\u00e1v\u00e1m se s nimi do \u0159e\u010di. Pot\u011b\u0161ilo je, \u017ee um\u00edm rusky, vypr\u00e1v\u00edm, \u017ee jsem p\u0159es Moskvu cestoval do Mongolska. Jen\u017ee rozhovor uv\u00e1znul na mrtv\u00e9m bod\u011b, a tak si tak sed\u00edm v t\u00e9 hospod\u011b s\u00e1m.<br \/>Teda ne s\u00e1m, ale s pivem. A tak si s n\u00edm filosofuji, jak jsem kdy cestoval, jak\u00e9 jsem potkal na cest\u00e1ch lidi. V Mongolsku jednoduch\u00e9, ale mil\u00e9. V Moskv\u011b arogantn\u00ed, na Sibi\u0159i b\u00e1je\u010dn\u00e9. V Libyi hrd\u00e9 a p\u0159\u00e1telsk\u00e9, jen\u017ee zakomplexovan\u00e9 isl\u00e1mem. V Turecku, v Maroku, v Indon\u00e9sii, v Thajsku, v Malajsii, v Rumunsku, na Ukrajin\u011b, na ostrov\u011b R\u00e9union, na Sumat\u0159e, v Anglii, ve Skotsku, v Norsku, ve St\u00e1tech, v Mauret\u00e1nii, v Senegalu. A tak v\u0161ude mo\u017en\u011b, kde jsem byl.<br \/>A jac\u00ed ti lid\u00e9 byli. Komunikativn\u00ed, pohostinn\u00ed, odta\u017eit\u00ed, nep\u0159\u00edjemn\u00ed.<br \/>A v\u00edte, co jsem po t\u0159et\u00edm piv\u011b vymyslel? Kde byli nejlep\u0161\u00ed lid\u00e9? V Alb\u00e1nii!<br \/>\u010derven 2009<\/p>\n[gallery ids=\"348,303,288,290,277,268,257,259,265,253,255,230,220,201,183,315,306,305,304,329,333,337\"]","_links":{"self":[{"href":"https:\/\/albanieoffroadpruvodce.cz\/index.php?rest_route=\/wp\/v2\/pages\/574","targetHints":{"allow":["GET"]}}],"collection":[{"href":"https:\/\/albanieoffroadpruvodce.cz\/index.php?rest_route=\/wp\/v2\/pages"}],"about":[{"href":"https:\/\/albanieoffroadpruvodce.cz\/index.php?rest_route=\/wp\/v2\/types\/page"}],"author":[{"embeddable":true,"href":"https:\/\/albanieoffroadpruvodce.cz\/index.php?rest_route=\/wp\/v2\/users\/1"}],"replies":[{"embeddable":true,"href":"https:\/\/albanieoffroadpruvodce.cz\/index.php?rest_route=%2Fwp%2Fv2%2Fcomments&post=574"}],"version-history":[{"count":7,"href":"https:\/\/albanieoffroadpruvodce.cz\/index.php?rest_route=\/wp\/v2\/pages\/574\/revisions"}],"predecessor-version":[{"id":799,"href":"https:\/\/albanieoffroadpruvodce.cz\/index.php?rest_route=\/wp\/v2\/pages\/574\/revisions\/799"}],"wp:attachment":[{"href":"https:\/\/albanieoffroadpruvodce.cz\/index.php?rest_route=%2Fwp%2Fv2%2Fmedia&parent=574"}],"curies":[{"name":"wp","href":"https:\/\/api.w.org\/{rel}","templated":true}]}}