{"id":674,"date":"2025-11-30T09:57:40","date_gmt":"2025-11-30T09:57:40","guid":{"rendered":"https:\/\/albanieoffroadpruvodce.cz\/?page_id=674"},"modified":"2025-11-30T09:57:41","modified_gmt":"2025-11-30T09:57:41","slug":"slovnicek","status":"publish","type":"page","link":"https:\/\/albanieoffroadpruvodce.cz\/?page_id=674","title":{"rendered":"Slovn\u00ed\u010dek"},"content":{"rendered":"<!-- wp:themify-builder\/canvas \/-->","protected":false},"excerpt":{"rendered":"","protected":false},"author":1,"featured_media":0,"parent":0,"menu_order":0,"comment_status":"closed","ping_status":"closed","template":"","meta":{"footnotes":""},"class_list":["post-674","page","type-page","status-publish","hentry","has-post-title","has-post-date","has-post-category","has-post-tag","has-post-comment","has-post-author",""],"builder_content":"<p>pros\u00edm - ju lutem<br \/>d\u011bkuji - faleminderit<br \/>dobr\u00fd den - mir\u00ebdita<br \/>nashledanou - mirupafshim<br \/>ano - po<br \/>ne - jo<br \/>dob\u0159e - mir\u00eb<br \/>\u0161patn\u011b\u00a0 - keq<br \/>dnes - sot<br \/>z\u00edtra - nes\u00ebr<br \/>kdy?\u00a0 - kur?<br \/>kde, kudy? - ku?<br \/>jak daleko? - sa larg?<br \/>kolik stoj\u00ed? - sa kushton?<br \/>pivo - birra<br \/>pstruh - peshk, troft\u00eb<br \/>voda - uj<br \/>chleba - buk<br \/>nerozum\u00edm - nu kuptoj<br \/>tady - k\u00ebtu<br \/>tam - atje<br \/>vlevo - majtas<br \/>vpravo - djathtas<br \/>p\u0159\u00edmo - drejt<br \/>cesta - rruga<br \/>most - ura<br \/>kopec - kodra<br \/>vesnice - fshat<br \/>sh\u00ebndet - pozdrav p\u0159i k\u00fdchnut\u00ed<\/p><p>1 nje<br \/>2 dy<br \/>3 tre<br \/>4 kater<br \/>5 pes\u00eb<br \/>6 gjasht\u00eb<br \/>7 shtat\u00eb<br \/>8 tet\u00eb<br \/>9 n\u00ebnt\u00eb<br \/>10 dhjet\u00eb<\/p>","_links":{"self":[{"href":"https:\/\/albanieoffroadpruvodce.cz\/index.php?rest_route=\/wp\/v2\/pages\/674","targetHints":{"allow":["GET"]}}],"collection":[{"href":"https:\/\/albanieoffroadpruvodce.cz\/index.php?rest_route=\/wp\/v2\/pages"}],"about":[{"href":"https:\/\/albanieoffroadpruvodce.cz\/index.php?rest_route=\/wp\/v2\/types\/page"}],"author":[{"embeddable":true,"href":"https:\/\/albanieoffroadpruvodce.cz\/index.php?rest_route=\/wp\/v2\/users\/1"}],"replies":[{"embeddable":true,"href":"https:\/\/albanieoffroadpruvodce.cz\/index.php?rest_route=%2Fwp%2Fv2%2Fcomments&post=674"}],"version-history":[{"count":2,"href":"https:\/\/albanieoffroadpruvodce.cz\/index.php?rest_route=\/wp\/v2\/pages\/674\/revisions"}],"predecessor-version":[{"id":676,"href":"https:\/\/albanieoffroadpruvodce.cz\/index.php?rest_route=\/wp\/v2\/pages\/674\/revisions\/676"}],"wp:attachment":[{"href":"https:\/\/albanieoffroadpruvodce.cz\/index.php?rest_route=%2Fwp%2Fv2%2Fmedia&parent=674"}],"curies":[{"name":"wp","href":"https:\/\/api.w.org\/{rel}","templated":true}]}}