{"id":71,"date":"2025-10-27T19:57:25","date_gmt":"2025-10-27T19:57:25","guid":{"rendered":"https:\/\/albanieoffroadpruvodce.cz\/?page_id=71"},"modified":"2025-10-27T19:57:26","modified_gmt":"2025-10-27T19:57:26","slug":"mapy","status":"publish","type":"page","link":"https:\/\/albanieoffroadpruvodce.cz\/?page_id=71","title":{"rendered":"Mapy"},"content":{"rendered":"<!-- wp:themify-builder\/canvas \/-->","protected":false},"excerpt":{"rendered":"","protected":false},"author":1,"featured_media":0,"parent":0,"menu_order":0,"comment_status":"closed","ping_status":"closed","template":"","meta":{"footnotes":""},"class_list":["post-71","page","type-page","status-publish","hentry","has-post-title","has-post-date","has-post-category","has-post-tag","has-post-comment","has-post-author",""],"builder_content":"<p><strong>Doporu\u010den\u00e9 mapy<\/strong><\/p><p>Reise Know How - Albanien, 1:220000 (www.reise-know-how.de, http:\/\/www.mapykiwi.cz)<\/p><p>Freytag-Berndt - Balkan S\u00fcd, Autoatlas 1:200.000 (http:\/\/www.freytagberndt.com, http:\/\/www.mapykiwi.cz)<\/p><p>Bunker Trails pro Garmin GPS (http:\/\/www.bunkertrails.org).<\/p><p>Open Topo Map - sou\u010d\u00e1st OZIExplorer pro Android.<\/p><p>Mapy.com - asi nejlep\u0161\u00ed volba, velmi slu\u0161n\u00e1 off-line mapa Alb\u00e1nie pro Android i iPhone.<\/p><p><strong>Sou\u0159adn\u00fd syst\u00e9m GPS<\/strong><br \/>V knize pou\u017eit\u00fd sou\u0159adn\u00fd syst\u00e9m GPS je hddd\u00b0mm.mmm\u00b4, datum WGS84.<br \/>Pokud budete sou\u0159adnice p\u0159episovat do ru\u010dn\u00ed GPS nebo do OZIExplorer, zkontrolujte, abyste m\u011bli stejn\u00fd sou\u0159adn\u00fd syst\u00e9m.<\/p>","_links":{"self":[{"href":"https:\/\/albanieoffroadpruvodce.cz\/index.php?rest_route=\/wp\/v2\/pages\/71","targetHints":{"allow":["GET"]}}],"collection":[{"href":"https:\/\/albanieoffroadpruvodce.cz\/index.php?rest_route=\/wp\/v2\/pages"}],"about":[{"href":"https:\/\/albanieoffroadpruvodce.cz\/index.php?rest_route=\/wp\/v2\/types\/page"}],"author":[{"embeddable":true,"href":"https:\/\/albanieoffroadpruvodce.cz\/index.php?rest_route=\/wp\/v2\/users\/1"}],"replies":[{"embeddable":true,"href":"https:\/\/albanieoffroadpruvodce.cz\/index.php?rest_route=%2Fwp%2Fv2%2Fcomments&post=71"}],"version-history":[{"count":3,"href":"https:\/\/albanieoffroadpruvodce.cz\/index.php?rest_route=\/wp\/v2\/pages\/71\/revisions"}],"predecessor-version":[{"id":74,"href":"https:\/\/albanieoffroadpruvodce.cz\/index.php?rest_route=\/wp\/v2\/pages\/71\/revisions\/74"}],"wp:attachment":[{"href":"https:\/\/albanieoffroadpruvodce.cz\/index.php?rest_route=%2Fwp%2Fv2%2Fmedia&parent=71"}],"curies":[{"name":"wp","href":"https:\/\/api.w.org\/{rel}","templated":true}]}}