{"id":75,"date":"2025-10-27T19:58:49","date_gmt":"2025-10-27T19:58:49","guid":{"rendered":"https:\/\/albanieoffroadpruvodce.cz\/?page_id=75"},"modified":"2025-11-30T09:40:19","modified_gmt":"2025-11-30T09:40:19","slug":"bezpecnost","status":"publish","type":"page","link":"https:\/\/albanieoffroadpruvodce.cz\/?page_id=75","title":{"rendered":"Bezpe\u010dnost"},"content":{"rendered":"<!-- wp:themify-builder\/canvas \/-->","protected":false},"excerpt":{"rendered":"","protected":false},"author":1,"featured_media":0,"parent":0,"menu_order":0,"comment_status":"closed","ping_status":"closed","template":"","meta":{"footnotes":""},"class_list":["post-75","page","type-page","status-publish","hentry","has-post-title","has-post-date","has-post-category","has-post-tag","has-post-comment","has-post-author",""],"builder_content":"<p><strong>Bezpe\u010dnostn\u00ed upozorn\u011bn\u00ed<\/strong><br \/>V oblasti p\u0159ibli\u017en\u011b vymezen\u00e9 hranic\u00ed Kosova, m\u011bsty Bajram Curri, Fierze, Kuk\u00ebs, Mustafaj, Radomir\u00eb a \u0159ekou Drinit i Zi nedoporu\u010duji sp\u00e1t osamocen\u011b. Zdej\u0161\u00ed obyvatel\u00e9 jsou jin\u00ed ne\u017e zbytek Alb\u00e1nc\u016f a maj\u00ed siln\u00e9 separatistick\u00e9 sklony ke Kosovu. A stej-n\u011b jako v cel\u00e9 Alb\u00e1nii jsou neleg\u00e1ln\u011b ozbrojeni. V okol\u00ed kosovsk\u00e9 hranice mohou b\u00fdt star\u00e9 miny.<br \/>Stejn\u011b tak nedoporu\u010duji sp\u00e1t na trase Theth - Shkod\u00ebr n\u00ed\u017ee ne\u017e v Nderlysaj. Zejm\u00e9na za sedlem nad Dredaj, v \u00fadol\u00ed mezi Kir a Prekal \u017eij\u00ed velmi chud\u00ed a ne zcela p\u0159\u00e1tel\u0161t\u00ed lid\u00e9. A nech\u00e1pou, pro\u010d Theth je z turist\u016f \u017eiv\u00fd a oni ne.<\/p><p><strong>Span\u00ed<\/strong><br \/>V cel\u00e9 Alb\u00e1nii doporu\u010duji, abyste spali u m\u00edstn\u00edch. Zaje\u010fte ke staven\u00ed nebo sala\u0161i, pozdravte, uka\u017ete na nedalekou louku a tam se ut\u00e1bo\u0159te. Myslet si, \u017ee kdy\u017e n\u011bkam zalezu, tak o mn\u011b nikdo nev\u00ed, je hloup\u00e9. V\u011bd\u00ed o v\u00e1s cel\u00e9 hory.<br \/>J\u00e1 si v\u0161ak krom v\u00fd\u0161e uveden\u00fdch v\u00fdjimek ned\u011bl\u00e1m se span\u00edm hlavu a sp\u00edm v hor\u00e1ch kdekoliv.<\/p>\n<img src=\"https:\/\/albanieoffroadpruvodce.cz\/wp-content\/uploads\/2025\/10\/DSC_2431.jpg\" title=\"Zef Lleshaj, u\u010ditel z Kurbnesh\" alt=\"Zef Lleshaj, u\u010ditel z Kurbnesh\" srcset=\"https:\/\/albanieoffroadpruvodce.cz\/wp-content\/uploads\/2025\/10\/DSC_2431.jpg 552w, https:\/\/albanieoffroadpruvodce.cz\/wp-content\/uploads\/2025\/10\/DSC_2431-200x300.jpg 200w\" sizes=\"(max-width: 552px) 100vw, 552px\" \/> <h3> Zef Lleshaj, u\u010ditel z Kurbnesh <\/h3>","_links":{"self":[{"href":"https:\/\/albanieoffroadpruvodce.cz\/index.php?rest_route=\/wp\/v2\/pages\/75","targetHints":{"allow":["GET"]}}],"collection":[{"href":"https:\/\/albanieoffroadpruvodce.cz\/index.php?rest_route=\/wp\/v2\/pages"}],"about":[{"href":"https:\/\/albanieoffroadpruvodce.cz\/index.php?rest_route=\/wp\/v2\/types\/page"}],"author":[{"embeddable":true,"href":"https:\/\/albanieoffroadpruvodce.cz\/index.php?rest_route=\/wp\/v2\/users\/1"}],"replies":[{"embeddable":true,"href":"https:\/\/albanieoffroadpruvodce.cz\/index.php?rest_route=%2Fwp%2Fv2%2Fcomments&post=75"}],"version-history":[{"count":7,"href":"https:\/\/albanieoffroadpruvodce.cz\/index.php?rest_route=\/wp\/v2\/pages\/75\/revisions"}],"predecessor-version":[{"id":666,"href":"https:\/\/albanieoffroadpruvodce.cz\/index.php?rest_route=\/wp\/v2\/pages\/75\/revisions\/666"}],"wp:attachment":[{"href":"https:\/\/albanieoffroadpruvodce.cz\/index.php?rest_route=%2Fwp%2Fv2%2Fmedia&parent=75"}],"curies":[{"name":"wp","href":"https:\/\/api.w.org\/{rel}","templated":true}]}}