{"id":782,"date":"2025-12-01T12:55:51","date_gmt":"2025-12-01T12:55:51","guid":{"rendered":"https:\/\/albanieoffroadpruvodce.cz\/?page_id=782"},"modified":"2025-12-28T09:43:04","modified_gmt":"2025-12-28T09:43:04","slug":"doporucena-trasa","status":"publish","type":"page","link":"https:\/\/albanieoffroadpruvodce.cz\/?page_id=782","title":{"rendered":"Doporu\u010den\u00e1 trasa"},"content":{"rendered":"<!-- wp:themify-builder\/canvas \/-->","protected":false},"excerpt":{"rendered":"","protected":false},"author":1,"featured_media":0,"parent":0,"menu_order":0,"comment_status":"closed","ping_status":"closed","template":"","meta":{"footnotes":""},"class_list":["post-782","page","type-page","status-publish","hentry","has-post-title","has-post-date","has-post-category","has-post-tag","has-post-comment","has-post-author",""],"builder_content":"<p>Trasa pro 2 t\u00fddny cestov\u00e1n\u00ed v Alb\u00e1nii. Vstup z Makedonie u Ohridsk\u00e9ho jezera a v\u00fdjezd zase do Makedonie u Debaru. Vybral jsem trasy, kter\u00e9 zvl\u00e1dnou cestovn\u00ed endura a cestovatelsk\u00e1 offroad auta. Av\u0161ak ne zbyte\u010dnostmi p\u0159elo\u017een\u00e9 nale\u0161t\u011bn\u00e9 t\u011b\u017ek\u00e9 motorky a r\u00e1doby SUV. Na \u017e\u00e1dn\u00e9 z tras nen\u00ed nutn\u00fd navij\u00e1k ani pneumatiky do bahna. Ale pozor, situace se m\u016f\u017ee po de\u0161t\u00edch nebo zim\u011b zm\u011bnit.<br \/>Trasu si oko\u0159e\u0148te odbo\u010dkami podle sv\u00fdch schopnost\u00ed na dal\u0161\u00ed, zaj\u00edmav\u011bj\u0161\u00ed trasy.<\/p> <p>\u00a0<\/p>\n<p>P\u0159\u00edjezd p\u0159es hrani\u010dn\u00ed p\u0159echod Qaf\u00eb e Than\u00ebs z Makedonie<\/p> <p><a href=\"https:\/\/albanieoffroadpruvodce.cz\/?portfolio=32-skanderbeguv-stul\">32 Skanderbeg\u016fv st\u016fl<\/a><br \/><a href=\"https:\/\/albanieoffroadpruvodce.cz\/?portfolio=38-perrenjas-pogradec\">38 P\u00ebrrenjas - Pogradec<\/a><br \/><a href=\"https:\/\/albanieoffroadpruvodce.cz\/?portfolio=39-guri-i-kamjes-nice\">39 Guri I Kamjes<\/a><br \/><a href=\"https:\/\/albanieoffroadpruvodce.cz\/?portfolio=45-guri-i-cjapit\">45 Guri I Cjapit<\/a><br \/><a href=\"https:\/\/albanieoffroadpruvodce.cz\/?portfolio=47-shtylle-clirim\">47 Shtylle - \u00c7lirim<\/a><br \/><a href=\"https:\/\/albanieoffroadpruvodce.cz\/?portfolio=48-clirim-frasheri\">48 \u00c7lirim - Frash\u00ebr<\/a>i<br \/><a href=\"https:\/\/albanieoffroadpruvodce.cz\/?portfolio=49-frasheri\">49 Frash\u00ebri<\/a><br \/><a href=\"https:\/\/albanieoffroadpruvodce.cz\/?portfolio=52-permet-corovode\">52 P\u00ebrmet \u2013 \u00c7orovod\u00eb<\/a><br \/><a href=\"https:\/\/albanieoffroadpruvodce.cz\/?portfolio=44-pohori-mali-i-tomorri\">44 Poho\u0159\u00ed Mali i Tomorrit<\/a><br \/><a href=\"https:\/\/albanieoffroadpruvodce.cz\/?portfolio=43-gjerbes-a-reka-tomorrices\">43 Gjerb\u00ebs a \u0159eka Tomorric\u00ebs<\/a><br \/><a href=\"https:\/\/albanieoffroadpruvodce.cz\/?portfolio=27-elbasan-tirane\">27 Elbasan - Tiran\u00eb, odbo\u010dit na Klos<\/a><br \/><a href=\"https:\/\/albanieoffroadpruvodce.cz\/?portfolio=30-klos-tirane\">30 Klos - Tiran\u00eb - opa\u010dn\u011b<\/a><br \/><a href=\"https:\/\/albanieoffroadpruvodce.cz\/?portfolio=19-peshkopi-burrel\">19 Pesshkopi - Burrel - opa\u010dn\u011b<\/a><br \/><a href=\"https:\/\/albanieoffroadpruvodce.cz\/?portfolio=16-spojka-k-jezerum-lure\">16 Spojka k jezer\u016fm Lur\u00eb - opa\u010dn\u011b, od Drini T\u00eb Zi<\/a><br \/><a href=\"https:\/\/albanieoffroadpruvodce.cz\/?portfolio=18-jezera-lure\">18 Jezera Lur\u00eb a zp\u011bt<\/a><br \/><a href=\"https:\/\/albanieoffroadpruvodce.cz\/?portfolio=16-spojka-k-jezerum-lure\">16 Spojka k jezer\u016fm Lur\u00eb - p\u0159es Kurbenesh<\/a><br \/><a href=\"https:\/\/albanieoffroadpruvodce.cz\/?portfolio=10-fushe-lugjeve-rreshen\">10 Fushe Lugjeve - Rr\u00ebshen - opa\u010dn\u011b<\/a><br \/><a href=\"https:\/\/albanieoffroadpruvodce.cz\/?portfolio=7-gulag\">7 Gulag \u2013 projet tam a zp\u011bt<\/a><br \/><a href=\"https:\/\/albanieoffroadpruvodce.cz\/?portfolio=9-fushe-lugjeve-planina-propasti\">9 Fushe Lugjeve - planina propast\u00ed<\/a><br \/><a href=\"https:\/\/albanieoffroadpruvodce.cz\/?portfolio=13-udoli-drinit-te-zi\">13 \u00dadol\u00ed Drinit T\u00eb Zi<\/a><\/p> <p><br \/>Odjezd p\u0159es hrani\u010dn\u00ed p\u0159echod Debar\/Bllata do Makedonie.<\/p>","_links":{"self":[{"href":"https:\/\/albanieoffroadpruvodce.cz\/index.php?rest_route=\/wp\/v2\/pages\/782","targetHints":{"allow":["GET"]}}],"collection":[{"href":"https:\/\/albanieoffroadpruvodce.cz\/index.php?rest_route=\/wp\/v2\/pages"}],"about":[{"href":"https:\/\/albanieoffroadpruvodce.cz\/index.php?rest_route=\/wp\/v2\/types\/page"}],"author":[{"embeddable":true,"href":"https:\/\/albanieoffroadpruvodce.cz\/index.php?rest_route=\/wp\/v2\/users\/1"}],"replies":[{"embeddable":true,"href":"https:\/\/albanieoffroadpruvodce.cz\/index.php?rest_route=%2Fwp%2Fv2%2Fcomments&post=782"}],"version-history":[{"count":8,"href":"https:\/\/albanieoffroadpruvodce.cz\/index.php?rest_route=\/wp\/v2\/pages\/782\/revisions"}],"predecessor-version":[{"id":1047,"href":"https:\/\/albanieoffroadpruvodce.cz\/index.php?rest_route=\/wp\/v2\/pages\/782\/revisions\/1047"}],"wp:attachment":[{"href":"https:\/\/albanieoffroadpruvodce.cz\/index.php?rest_route=%2Fwp%2Fv2%2Fmedia&parent=782"}],"curies":[{"name":"wp","href":"https:\/\/api.w.org\/{rel}","templated":true}]}}