{"id":79,"date":"2025-10-27T20:00:57","date_gmt":"2025-10-27T20:00:57","guid":{"rendered":"https:\/\/albanieoffroadpruvodce.cz\/?page_id=79"},"modified":"2025-11-30T09:48:21","modified_gmt":"2025-11-30T09:48:21","slug":"darky-a-odpadky","status":"publish","type":"page","link":"https:\/\/albanieoffroadpruvodce.cz\/?page_id=79","title":{"rendered":"D\u00e1rky a odpadky"},"content":{"rendered":"<!-- wp:themify-builder\/canvas \/-->","protected":false},"excerpt":{"rendered":"","protected":false},"author":1,"featured_media":0,"parent":0,"menu_order":0,"comment_status":"closed","ping_status":"closed","template":"","meta":{"footnotes":""},"class_list":["post-79","page","type-page","status-publish","hentry","has-post-title","has-post-date","has-post-category","has-post-tag","has-post-comment","has-post-author",""],"builder_content":"<p><strong>D\u00e1rky v hor\u00e1ch<\/strong><br \/>Lid\u00e9 v hor\u00e1ch jsou chud\u00ed, kdy\u017e v\u00e1s nechaj\u00ed p\u0159espat nebo v\u00e1m daj\u00ed naj\u00edst, dejte jim aspo\u0148 trochu pen\u011bz. Vezm\u011bte pro d\u011bti se\u0161ity, tu\u017eky nebo jin\u00e9 \u0161koln\u00ed pom\u016fcky. Pastevc\u016fm rozdejte cigarety nebo pivo. Dosp\u011bl\u00fdm ud\u011bl\u00e1 radost sekyrka, kapesn\u00ed n\u016f\u017e, baterka. V hor\u00e1ch se \u017eije opravdu t\u011b\u017eko.<br \/>Pokud potk\u00e1te m\u00edstn\u00ed na cest\u011b mezi vesnicemi a m\u00e1te m\u00edsto v aut\u011b, svezte je. V hor\u00e1ch autobusy nejezd\u00ed.<\/p><p><strong>Odpadky<\/strong><br \/>Alb\u00e1nci neum\u011bj\u00ed nakl\u00e1dat s odpadky. Nenapodobujte je, svoje odpadky z hor odvezte do m\u011bsta nebo je spalte. Nebylo nic hor\u0161\u00edho, ne\u017e kdy\u017e jsem na jednom z nejkr\u00e1sn\u011bj\u0161\u00edch m\u00edst Alb\u00e1nie, sedle mezi Devoli a Gjerbes, na\u0161el vyh\u00e1zen\u00e9 obaly od typicky \u010desk\u00e9ho cestovatelsk\u00e9ho j\u00eddla.<\/p><p><strong>Koup\u00e1n\u00ed v horsk\u00fdch jezerech<\/strong><br \/>Nejen v Alb\u00e1nii, ale po cel\u00e9m sv\u011bt\u011b plat\u00ed, \u017ee v horsk\u00fdch jezerech \u017eij\u00ed vz\u00e1cn\u00ed \u017eivo\u010dichov\u00e9. A tak\u00e9 z nich pij\u00ed ovce a kozy. Pokud se budete m\u00fdt m\u00fddlem nebo n\u00e1dob\u00ed sapon\u00e1tem, tak se sna\u017ete na v\u00fdtoku z jezera, abyste vodu nekontaminovali. Extr\u00e9m je to v Mongolsku na Gobi, kde dobytek odm\u00edtne p\u00edt kontaminovanou vodu a uhyne.<\/p><p><strong>Po\u010das\u00ed<\/strong><br \/>Nejrozumn\u011bj\u0161\u00ed obdob\u00ed pro n\u00e1v\u0161t\u011bvu Alb\u00e1nie je p\u0159elom kv\u011bten\/\u010derven a z\u00e1\u0159\u00ed\/\u0159\u00edjen. Za\u010d\u00e1tek kv\u011btna je p\u0159\u00edjemn\u00fd, ale sedla mohou b\u00fdt je\u0161t\u011b pod sn\u011bhem. Koncem \u0159\u00edjna pr\u0161\u00ed. Z\u00e1\u0159\u00ed a \u010derven jsou dobr\u00e9, ale m\u016f\u017ee b\u00fdt horko. \u010cervenec a srpen je peklo, zejm\u00e9na v \u00fadol\u00edch a u mo\u0159e. Na hor\u00e1ch se d\u00e1 horko p\u0159e\u017e\u00edt. Pro n\u00e1v\u0161t\u011bvu pl\u00e1\u017e\u00ed u mo\u0159e je v\u00fdborn\u00fd konec z\u00e1\u0159\u00ed a \u0159\u00edjen.<\/p>\n<img src=\"https:\/\/albanieoffroadpruvodce.cz\/wp-content\/uploads\/2025\/11\/DSC_2297-scaled.jpg\" title=\"DSC_2297\" alt=\"DSC_2297\" srcset=\"https:\/\/albanieoffroadpruvodce.cz\/wp-content\/uploads\/2025\/11\/DSC_2297-scaled.jpg 2560w, https:\/\/albanieoffroadpruvodce.cz\/wp-content\/uploads\/2025\/11\/DSC_2297-300x200.jpg 300w, https:\/\/albanieoffroadpruvodce.cz\/wp-content\/uploads\/2025\/11\/DSC_2297-1024x684.jpg 1024w, https:\/\/albanieoffroadpruvodce.cz\/wp-content\/uploads\/2025\/11\/DSC_2297-768x513.jpg 768w, https:\/\/albanieoffroadpruvodce.cz\/wp-content\/uploads\/2025\/11\/DSC_2297-1536x1025.jpg 1536w, https:\/\/albanieoffroadpruvodce.cz\/wp-content\/uploads\/2025\/11\/DSC_2297-2048x1367.jpg 2048w\" sizes=\"(max-width: 2560px) 100vw, 2560px\" \/>","_links":{"self":[{"href":"https:\/\/albanieoffroadpruvodce.cz\/index.php?rest_route=\/wp\/v2\/pages\/79","targetHints":{"allow":["GET"]}}],"collection":[{"href":"https:\/\/albanieoffroadpruvodce.cz\/index.php?rest_route=\/wp\/v2\/pages"}],"about":[{"href":"https:\/\/albanieoffroadpruvodce.cz\/index.php?rest_route=\/wp\/v2\/types\/page"}],"author":[{"embeddable":true,"href":"https:\/\/albanieoffroadpruvodce.cz\/index.php?rest_route=\/wp\/v2\/users\/1"}],"replies":[{"embeddable":true,"href":"https:\/\/albanieoffroadpruvodce.cz\/index.php?rest_route=%2Fwp%2Fv2%2Fcomments&post=79"}],"version-history":[{"count":5,"href":"https:\/\/albanieoffroadpruvodce.cz\/index.php?rest_route=\/wp\/v2\/pages\/79\/revisions"}],"predecessor-version":[{"id":669,"href":"https:\/\/albanieoffroadpruvodce.cz\/index.php?rest_route=\/wp\/v2\/pages\/79\/revisions\/669"}],"wp:attachment":[{"href":"https:\/\/albanieoffroadpruvodce.cz\/index.php?rest_route=%2Fwp%2Fv2%2Fmedia&parent=79"}],"curies":[{"name":"wp","href":"https:\/\/api.w.org\/{rel}","templated":true}]}}