{"id":859,"date":"2025-12-28T07:24:42","date_gmt":"2025-12-28T07:24:42","guid":{"rendered":"https:\/\/albanieoffroadpruvodce.cz\/?page_id=859"},"modified":"2025-12-28T07:24:43","modified_gmt":"2025-12-28T07:24:43","slug":"kulla-sale-e-markes","status":"publish","type":"page","link":"https:\/\/albanieoffroadpruvodce.cz\/?page_id=859","title":{"rendered":"Kulla Sal\u00eb e Markes"},"content":{"rendered":"<!-- wp:themify-builder\/canvas \/-->","protected":false},"excerpt":{"rendered":"","protected":false},"author":1,"featured_media":0,"parent":0,"menu_order":0,"comment_status":"closed","ping_status":"closed","template":"","meta":{"footnotes":""},"class_list":["post-859","page","type-page","status-publish","hentry","has-post-title","has-post-date","has-post-category","has-post-tag","has-post-comment","has-post-author",""],"builder_content":"<p>GPS N41\u00b0 34.949\u2032 E20\u00b0 22.593\u2032<\/p><p>V\u011b\u017e se nach\u00e1z\u00ed t\u011bsn\u011b vedle trasy 23. Shupenz\u00eb \u2013 Selisht\u00eb.<\/p><p>Vesnice Zogjej i Gryk\u00ebs je zn\u00e1m\u00e1 p\u0159edev\u0161\u00edm vlastenci z\u00a0dob, kdy Alb\u00e1nie byla obsazena Turky. Vesnice byla jedn\u00edm z\u00a0m\u00edst boje za svobodu a nez\u00e1vislost a sou\u010dasn\u011b m\u00edstem, kde se udr\u017eoval p\u016fvodn\u00ed alb\u00e1nsk\u00fd jazyk.<\/p><p>\u201eKulla\u201c byly opevn\u011bn\u00e9 v\u011b\u017ee nebo domy, kter\u00e9 obyvatel\u016fm poskytovali ochranu v\u00a0neklidn\u00fdch dob\u00e1ch tureck\u00e9 nadvl\u00e1dy a krevn\u00ed msty. Kulla Sal\u00eb e Markes byla postavena v\u00a0letech 1830 \u2013 1840. V\u011b\u017e je 15.3 m vysok\u00e1, z\u00e1klad je 6 x 7 m. St\u011bny v\u011b\u017ee u paty jsou tlust\u00e9 p\u0159es 1 m a ve v\u00fd\u0161ce pak 0.85 m.<\/p><p>V\u00a0prvn\u00edm pat\u0159e se skladovalo obil\u00ed a ml\u00e9\u010dn\u00e9 v\u00fdrobky, v\u00a0druh\u00e9 a t\u0159et\u00ed patro bylo obrann\u00e9 a ve \u010dtvrt\u00e9m se se bydlelo. Z\u00a0oken v\u00a0nejvy\u0161\u0161\u00edm pat\u0159e mohli sou\u010dasn\u011b st\u0159\u00edlet dva obr\u00e1nci \u2013 jeden st\u00e1l, druh\u00fd kle\u010del. V\u00a0ka\u017ed\u00e9 m\u00edstnosti je kom\u00edn a vedle kom\u00edna prostor pro odkl\u00e1d\u00e1n\u00ed k\u00e1vov\u00e9ho n\u00e1dob\u00ed (d\u017eezva) a hrnc\u016f.<\/p><p>V\u011b\u017e byla v\u00a0roce 1987 \u2013 88 rekonstruov\u00e1na a v\u00a0roce 1986 prohl\u00e1\u0161ena kulturn\u00ed pam\u00e1tkou. V\u011b\u017e je dnes bohu\u017eel v\u00a0dezol\u00e1tn\u00edm stavu a na dal\u0161\u00ed opravu nejsou pen\u00edze.<\/p><p>M\u00edstn\u00ed V\u00e1s v\u011b\u017e\u00ed r\u00e1di provedou, p\u0159idejte jim n\u011bco na opravu.<\/p><p>Opevn\u011bn\u00fdch v\u011b\u017e\u00ed a dom\u016f je v\u00a0Alb\u00e1nii spousta. Dal\u0161\u00ed zaj\u00edmav\u00e1 \u201ekulla\u201c, v\u00a0tomto p\u0159\u00edpad\u011b opevn\u011bn\u00fd d\u016fm, je t\u0159eba Kulla Dine Hoxha v\u00a0Rreth Kale ( GPS: N41\u00b0 40.377\u2032 E20\u00b0 20.047\u2032) na trase 19. Peshkopi \u2013 Burell. \u0158ada slavn\u00fdch opevn\u011bn\u00fdch dom\u016f je pak ve vesnici Macukul na trase 14. Ka\u0148ony Flm\u00eb a Urak\u00eb.<\/p>\u00a0\n<img src=\"https:\/\/albanieoffroadpruvodce.cz\/wp-content\/uploads\/2025\/12\/kula-e-markes-mapa.jpg\" title=\"kula-e-markes-mapa\" alt=\"kula-e-markes-mapa\" srcset=\"https:\/\/albanieoffroadpruvodce.cz\/wp-content\/uploads\/2025\/12\/kula-e-markes-mapa.jpg 1314w, https:\/\/albanieoffroadpruvodce.cz\/wp-content\/uploads\/2025\/12\/kula-e-markes-mapa-300x206.jpg 300w, https:\/\/albanieoffroadpruvodce.cz\/wp-content\/uploads\/2025\/12\/kula-e-markes-mapa-1024x703.jpg 1024w, https:\/\/albanieoffroadpruvodce.cz\/wp-content\/uploads\/2025\/12\/kula-e-markes-mapa-768x527.jpg 768w\" sizes=\"(max-width: 1314px) 100vw, 1314px\" \/>\n[gallery ids=\"833,866,865,864,861,863,862\"]","_links":{"self":[{"href":"https:\/\/albanieoffroadpruvodce.cz\/index.php?rest_route=\/wp\/v2\/pages\/859","targetHints":{"allow":["GET"]}}],"collection":[{"href":"https:\/\/albanieoffroadpruvodce.cz\/index.php?rest_route=\/wp\/v2\/pages"}],"about":[{"href":"https:\/\/albanieoffroadpruvodce.cz\/index.php?rest_route=\/wp\/v2\/types\/page"}],"author":[{"embeddable":true,"href":"https:\/\/albanieoffroadpruvodce.cz\/index.php?rest_route=\/wp\/v2\/users\/1"}],"replies":[{"embeddable":true,"href":"https:\/\/albanieoffroadpruvodce.cz\/index.php?rest_route=%2Fwp%2Fv2%2Fcomments&post=859"}],"version-history":[{"count":2,"href":"https:\/\/albanieoffroadpruvodce.cz\/index.php?rest_route=\/wp\/v2\/pages\/859\/revisions"}],"predecessor-version":[{"id":868,"href":"https:\/\/albanieoffroadpruvodce.cz\/index.php?rest_route=\/wp\/v2\/pages\/859\/revisions\/868"}],"wp:attachment":[{"href":"https:\/\/albanieoffroadpruvodce.cz\/index.php?rest_route=%2Fwp%2Fv2%2Fmedia&parent=859"}],"curies":[{"name":"wp","href":"https:\/\/api.w.org\/{rel}","templated":true}]}}