{"id":870,"date":"2025-12-28T07:39:32","date_gmt":"2025-12-28T07:39:32","guid":{"rendered":"https:\/\/albanieoffroadpruvodce.cz\/?page_id=870"},"modified":"2026-01-01T09:05:46","modified_gmt":"2026-01-01T09:05:46","slug":"dibre-arras","status":"publish","type":"page","link":"https:\/\/albanieoffroadpruvodce.cz\/?page_id=870","title":{"rendered":"Dibr\u00eb &#8211; Arras"},"content":{"rendered":"<!-- wp:themify-builder\/canvas \/-->","protected":false},"excerpt":{"rendered":"","protected":false},"author":1,"featured_media":0,"parent":0,"menu_order":0,"comment_status":"closed","ping_status":"closed","template":"","meta":{"footnotes":""},"class_list":["post-870","page","type-page","status-publish","hentry","has-post-title","has-post-date","has-post-category","has-post-tag","has-post-comment","has-post-author",""],"builder_content":"<p>Oblast Dibr\u00eb ve v\u00fdchodn\u00ed Alb\u00e1nii p\u0159edstavuje velmi zaj\u00edmavou oblast pro v\u00fdlety na enduro motork\u00e1ch. Oblast je obydlena um\u00edrn\u011bn\u00fdm muslimsk\u00fdm obyvatelstvem, m\u00edstn\u00ed jsou velmi p\u0159\u00e1tel\u0161t\u00ed a pohostinn\u00ed. V oblasti jsou alb\u00e1nsk\u00e9 perly jako jezera Lure, nejvy\u0161\u0161\u00ed hora Korabit, jezera Ka\u010dni. Cel\u00e1 oblast je vlastn\u011b \u00fadol\u00ed \u0159eky \u010cern\u00e1 Drina a p\u0159ilehl\u00fdch hor. Najdete zde spoustu a spoustu r\u016fzn\u00fdch cest a cesti\u010dek, kde se s motorkou dosyta vy\u0159\u00e1d\u00edte.<br \/>Sepsal jsem n\u011bkolik hlavn\u00edch v\u00fdlet\u016f v t\u00e9to oblasti. P\u0159epokl\u00e1d\u00e1m, \u017ee pojedete na lehk\u00fdch endurech (EXC, 690), ale v\u0161e jde zvl\u00e1dnout i na dvouv\u00e1lc\u00edch, kdy\u017e budou nalehko a s ter\u00e9nn\u00edmi pneumatikami (790, 890, LC8, SuperEnduro, F800GS apod.)<br \/>V\u0161echny popsan\u00e9 trasy jsou v GPX souboru ke sta\u017een\u00ed a nahr\u00e1n\u00ed do GPS. V\u0161e jsem mockr\u00e1t projel, ale situace v alb\u00e1nsk\u00fdch hor\u00e1ch se m\u011bn\u00ed ka\u017ed\u00fdm dnem, tak v\u00e1s m\u016f\u017eou p\u0159ekvapit z\u00e1valy, padl\u00e9 stromy, str\u017een\u00e9 mosty. Vybavte se tak, aby jste dok\u00e1zali improvizovat.<br \/>Trasy jsou shodn\u00e9 s n\u011bkter\u00fdmi trasami z posledn\u00edho vyd\u00e1n\u00ed pr\u016fvodce. Zde jsem je ale uspo\u0159\u00e1dal tak, aby vych\u00e1zely z Vladim\u00edrova penzionu.<br \/>Doporu\u010den\u00fd term\u00edn je konec kv\u011btna \u2013 \u0159\u00edjen. Pokud je tuh\u00e1 zima, tak sn\u00edh u Lursk\u00fdch jezer, jezer Ka\u010dni a v sedle na Shistavec rozt\u00e1v\u00e1 a\u017e v p\u016flce \u010dervna. Od konce z\u00e1\u0159\u00ed ji\u017e m\u016f\u017ee hodn\u011b pr\u0161et. \u010cerven \u2013 srpen b\u00fdv\u00e1 v t\u00e9to oblasti hodn\u011b teplo, ale nebojte, v hor\u00e1ch se schlad\u00edte.<br \/>Soubor GPX k nahr\u00e1n\u00ed do GPS: <a href=\"https:\/\/albanieoffroadpruvodce.cz\/wp-content\/uploads\/2025\/12\/Albanie-Arras-2022.gpx\">albanie-arras.gpx<\/a><\/p>","_links":{"self":[{"href":"https:\/\/albanieoffroadpruvodce.cz\/index.php?rest_route=\/wp\/v2\/pages\/870","targetHints":{"allow":["GET"]}}],"collection":[{"href":"https:\/\/albanieoffroadpruvodce.cz\/index.php?rest_route=\/wp\/v2\/pages"}],"about":[{"href":"https:\/\/albanieoffroadpruvodce.cz\/index.php?rest_route=\/wp\/v2\/types\/page"}],"author":[{"embeddable":true,"href":"https:\/\/albanieoffroadpruvodce.cz\/index.php?rest_route=\/wp\/v2\/users\/1"}],"replies":[{"embeddable":true,"href":"https:\/\/albanieoffroadpruvodce.cz\/index.php?rest_route=%2Fwp%2Fv2%2Fcomments&post=870"}],"version-history":[{"count":11,"href":"https:\/\/albanieoffroadpruvodce.cz\/index.php?rest_route=\/wp\/v2\/pages\/870\/revisions"}],"predecessor-version":[{"id":1054,"href":"https:\/\/albanieoffroadpruvodce.cz\/index.php?rest_route=\/wp\/v2\/pages\/870\/revisions\/1054"}],"wp:attachment":[{"href":"https:\/\/albanieoffroadpruvodce.cz\/index.php?rest_route=%2Fwp%2Fv2%2Fmedia&parent=870"}],"curies":[{"name":"wp","href":"https:\/\/api.w.org\/{rel}","templated":true}]}}