{"id":926,"date":"2025-12-28T09:11:11","date_gmt":"2025-12-28T09:11:11","guid":{"rendered":"https:\/\/albanieoffroadpruvodce.cz\/?page_id=926"},"modified":"2025-12-28T09:11:12","modified_gmt":"2025-12-28T09:11:12","slug":"kanon-gradec","status":"publish","type":"page","link":"https:\/\/albanieoffroadpruvodce.cz\/?page_id=926","title":{"rendered":"Ka\u0148on Gradec"},"content":{"rendered":"<!-- wp:themify-builder\/canvas \/-->","protected":false},"excerpt":{"rendered":"","protected":false},"author":1,"featured_media":0,"parent":0,"menu_order":0,"comment_status":"closed","ping_status":"closed","template":"","meta":{"footnotes":""},"class_list":["post-926","page","type-page","status-publish","hentry","has-post-title","has-post-date","has-post-category","has-post-tag","has-post-comment","has-post-author",""],"builder_content":"<p>Ka\u0148on Gradec na trase mezi \u010corovode a Gjerbes rozhodn\u011b stoj\u00ed za n\u00e1v\u0161t\u011bvu. \u00dazk\u00e1 a dramatick\u00e1 sout\u011bska je sou\u010dasn\u011b opu\u0161t\u011b-nou vojenskou z\u00e1kladnou Pirogosh, kde je soustava podzemn\u00edch bunkr\u016f. Byla zde uskladn\u011bna munice. Skaln\u00ed bunkry jsou po obou stran\u00e1ch ka\u0148onu, spojen\u00e9 \u017eelezn\u00fdm mostkem, po kter\u00e9m vedla \u017eeleznice. D\u0159\u00edve se jednalo o p\u0159\u00edsn\u011b st\u0159e\u017een\u00fd objekt, dnes je to opu\u0161t\u011bn\u00e9 a sch\u00e1tral\u00e9.<br \/>Kousek vedle se nach\u00e1z\u00ed jeskyn\u011b Pirogosh, a\u017e 1500 m dlouh\u00e1 s kr\u00e1pn\u00edkovou v\u00fdzdobou<\/p><p>Gradec Canyon N40 31.240 E20 15.299<\/p><p>Pirogoshi Cave N40 31.401 E20 15.480<\/p>\n[gallery ids=\"927,936,928,935,929,930,931,932,933,934\"]","_links":{"self":[{"href":"https:\/\/albanieoffroadpruvodce.cz\/index.php?rest_route=\/wp\/v2\/pages\/926","targetHints":{"allow":["GET"]}}],"collection":[{"href":"https:\/\/albanieoffroadpruvodce.cz\/index.php?rest_route=\/wp\/v2\/pages"}],"about":[{"href":"https:\/\/albanieoffroadpruvodce.cz\/index.php?rest_route=\/wp\/v2\/types\/page"}],"author":[{"embeddable":true,"href":"https:\/\/albanieoffroadpruvodce.cz\/index.php?rest_route=\/wp\/v2\/users\/1"}],"replies":[{"embeddable":true,"href":"https:\/\/albanieoffroadpruvodce.cz\/index.php?rest_route=%2Fwp%2Fv2%2Fcomments&post=926"}],"version-history":[{"count":2,"href":"https:\/\/albanieoffroadpruvodce.cz\/index.php?rest_route=\/wp\/v2\/pages\/926\/revisions"}],"predecessor-version":[{"id":938,"href":"https:\/\/albanieoffroadpruvodce.cz\/index.php?rest_route=\/wp\/v2\/pages\/926\/revisions\/938"}],"wp:attachment":[{"href":"https:\/\/albanieoffroadpruvodce.cz\/index.php?rest_route=%2Fwp%2Fv2%2Fmedia&parent=926"}],"curies":[{"name":"wp","href":"https:\/\/api.w.org\/{rel}","templated":true}]}}