{"id":940,"date":"2025-12-28T09:35:36","date_gmt":"2025-12-28T09:35:36","guid":{"rendered":"https:\/\/albanieoffroadpruvodce.cz\/?page_id=940"},"modified":"2025-12-28T09:48:51","modified_gmt":"2025-12-28T09:48:51","slug":"rally-albania-na-vlastni-kuzi","status":"publish","type":"page","link":"https:\/\/albanieoffroadpruvodce.cz\/?page_id=940","title":{"rendered":"Rally Albania na vlastn\u00ed k\u016f\u017ei"},"content":{"rendered":"<!-- wp:themify-builder\/canvas \/-->","protected":false},"excerpt":{"rendered":"","protected":false},"author":1,"featured_media":0,"parent":0,"menu_order":0,"comment_status":"closed","ping_status":"closed","template":"","meta":{"footnotes":""},"class_list":["post-940","page","type-page","status-publish","hentry","has-post-title","has-post-date","has-post-category","has-post-tag","has-post-comment","has-post-author",""],"builder_content":"<p>Napsal: Ji\u0159\u00ed Kal\u00e1t - Kali\u010d<\/p> <p>Albania rally je pro m\u011b kultovn\u00ed z\u00e1le\u017eitost\u00ed. Objevil jsem j\u00ed d\u00edky Honzovi Mare\u0161ovi a Filipu Weberovi - Bebovi v roce 2011. Od t\u00e9 doby se j\u00ed sna\u017e\u00edm pravideln\u011b \u00fa\u010dastnit. Je to podle m\u011b posledn\u00ed rally, kde si na nic nehrajou. Nesna\u017e\u00ed se cp\u00e1t do FIM, nesna\u017e\u00ed se ud\u011blat Dakar, nebo perfektn\u00ed rally. Je to obrovsk\u00e9 dobrodru\u017estv\u00ed, kter\u00e9 v\u017edy nap\u00ed\u0161e p\u0159\u00edb\u011bh.<\/p> <p><a href=\"https:\/\/albanieoffroadpruvodce.cz\/wp-content\/uploads\/2025\/12\/RallyAlbania-93-e1766915254853.jpg\"><img src=\"https:\/\/albanieoffroadpruvodce.cz\/wp-content\/uploads\/2025\/12\/RallyAlbania-93-e1766915254853-1024x553.jpg\" alt=\"\" width=\"1024\" height=\"553\" \/><\/a><\/p> <p>Edvin, \u0159editel z\u00e1vodu, je fantastick\u00fd \u010dlov\u011bk, co si na nic nehraje. A ten z\u00e1vod je d\u00edky tomu taky takov\u00fd. Nen\u00ed v\u016fbec lehk\u00fd, nenechte se zm\u00e1st. Je to po\u0159\u00e1dn\u00fdch 6 dn\u016f z\u00e1vod\u011bn\u00ed v t\u011b\u017ek\u00e9m ter\u00e9nu, m\u00edsty sp\u00ed\u0161e enduro ne\u017e rally. Trasa vede nap\u0159\u00ed\u010d p\u0159es divok\u00e9 Alb\u00e1nsk\u00e9 hory. Etapy jsou od 100 do 500 km. Dlouh\u00e9 etapy se b\u011b\u017en\u011b doj\u00ed\u017ed\u00ed za tmy. Na trase \u010dek\u00e1 spousta n\u00e1strah. Kamenit\u00e9 v\u00fdjezdy strhan\u00e9 od vody, nekone\u010dn\u00e9 kamenit\u00e9 cesty p\u0159es h\u0159ebeny, sedla vysok\u00e1 p\u0159es 1200 m n.m., hlubok\u00e9 brody, j\u00edzda \u0159e\u010di\u0161t\u011bm, bahno, ovce a kr\u00e1vy, bloud\u011bn\u00ed. Ale tak\u00e9 n\u00e1dhern\u00e9 v\u00fdhledy a divok\u00e1 p\u0159\u00edroda. Denn\u00ed etapy jsou rozd\u011bleny na rychlostn\u00ed zkou\u0161ky a p\u0159ejezdy. Rychlostn\u00ed zkou\u0161ky se jedou v pust\u00fdch hor\u00e1ch, \u010dasto maj\u00ed d\u00e9lku a\u017e 150km. P\u0159ejezdy se vyh\u00fdbaj\u00ed asfaltu a motaj\u00ed se n\u00e1dhern\u00fdm alb\u00e1nsk\u00fdm venkovem. Kdy\u017e zapr\u0161\u00ed jako letos, tak je to je\u0161te o level jinde a spousta Ital\u016f bre\u010d\u00ed a nechce z\u00e1vodit. Na\u0161t\u011bst\u00ed p\u0159ed l\u00e9ty d\u00edky Bebovi vznikl Czech Beer Rally Team, kter\u00fd se jen tak ni\u010deho nezalekne.<\/p> <p>P\u016fvodn\u00ed jm\u00e9no bylo Czech Desert Rally Team, ale hned po prvn\u00ed \u00fa\u010dasti na Touareg Rally v Maroku byl n\u00e1zev zm\u011bn\u011bn.<\/p> <p>B\u011bhem posledn\u00edch 10 let se lidi v teamu bl\u00e1zniv\u00fdch \u010cech\u016f, co maj\u00ed r\u00e1di pivo m\u011bnili, ale v\u017edy se se\u0161la super parta. Pozitivn\u00ed atmosf\u00e9ra a p\u0159\u00edstup, byl v\u017edy na\u0161\u00ed silnou str\u00e1nkou. \u010ce\u0161i i Slov\u00e1ci se taky velice dob\u0159e vypo\u0159\u00e1d\u00e1vaj\u00ed s neo\u010dek\u00e1van\u00fdmi situacemi, jako nap\u0159. nen\u00ed benz\u00edn, nesed\u00ed roadbook, technick\u00e9 z\u00e1vady atd. nebre\u010d\u00edme, ale sna\u017e\u00edme se to p\u0159ekonat a jet d\u00e1l. Letos bylo nejstar\u0161\u00edmu z\u00e1vod\u00edc\u00edmu \u010dlenu teamu 66 let.<\/p> <p>Posledn\u00ed dva ro\u010dn\u00edky se t\u00fdm tro\u0161ku rozrostl. Loni n\u00e1s bylo 14 z\u00e1vodn\u00edku a 8 asistenc\u00ed a letos 16 z\u00e1vodn\u00edku z \u010cR a 3 z SK + 10 lid\u00ed jako doprovod. Sou\u010d\u00e1st\u00ed t\u00fdmu jsou tak\u00e9 t\u0159i v\u00fdborn\u00ed mechanici.<\/p> <p>Je to u\u017e logisticky a organiza\u010dn\u011b n\u00e1ro\u010dn\u011bj\u0161\u00ed, hlavn\u011b s ohledem na to, \u017ee to ned\u011bl\u00e1me profesion\u00e1ln\u011b a pro zisk, ale ve voln\u00e9m \u010dase a pro radost. Jen pro p\u0159edstavu leto\u0161n\u00ed rozpo\u010det se bl\u00ed\u017eil 600 000,-. Spousta z n\u00e1s to toho vr\u00e1\u017e\u00ed sv\u016fj \u010das a pen\u00edze, v\u010detn\u011b mechanik\u016f a doprovod\u016f. Jde prost\u011b o akci nad\u0161enc\u016f a to m\u011b na tom bav\u00ed.<\/p> <p>Leto\u0161n\u00ed Rally Alb\u00e1nie skon\u010dila fantasticky. P\u0159ivezli jsme 10 trofej\u00ed a 2x jsme dokonce obsadili v\u0161echny prvn\u00ed 3 pozice v kategorii. Prost\u011b <strong>No Beer No Power<\/strong>. Pro p\u0159edstavu jsme letos vezli 1600 piv a dva 50L sudy jsme museli je\u0161t\u011b dokoupit v\u00a0Tiran\u011b na z\u00e1v\u011bre\u010dnou party. Na\u0161t\u011bst\u00ed je posledn\u00ed bivak rally v pivovaru \ud83d\ude0a.<\/p> <p>Pod\u011bkov\u00e1n\u00ed Tom\u00e1\u0161 Mr\u00e1z a MotoZem.<\/p>\n\n[gallery ids=\"949,942,945,946,947,948\"]\n\n[gallery ids=\"951,952,953,954,955,956,957,958,959,960,950,961,962,963,964,965,966,967,968,969,970,971,972,973,974,975,976,977,978,979,980,981,982,983,984,985,986,987,988,989,990,991,992,993,994,995,996,997,998,999,1000,1001,1002,1003,1004,1005,1006,1007,1008,1009,1010,1011,1012,1013,1014,1015,1016,1017,1018,1019,1020,1021,1022,1023,1024,1025,1026,1027,1028,1029,1030,1031,1032,1033,1034,1035,1036,1037,1038,1039\"]","_links":{"self":[{"href":"https:\/\/albanieoffroadpruvodce.cz\/index.php?rest_route=\/wp\/v2\/pages\/940","targetHints":{"allow":["GET"]}}],"collection":[{"href":"https:\/\/albanieoffroadpruvodce.cz\/index.php?rest_route=\/wp\/v2\/pages"}],"about":[{"href":"https:\/\/albanieoffroadpruvodce.cz\/index.php?rest_route=\/wp\/v2\/types\/page"}],"author":[{"embeddable":true,"href":"https:\/\/albanieoffroadpruvodce.cz\/index.php?rest_route=\/wp\/v2\/users\/1"}],"replies":[{"embeddable":true,"href":"https:\/\/albanieoffroadpruvodce.cz\/index.php?rest_route=%2Fwp%2Fv2%2Fcomments&post=940"}],"version-history":[{"count":9,"href":"https:\/\/albanieoffroadpruvodce.cz\/index.php?rest_route=\/wp\/v2\/pages\/940\/revisions"}],"predecessor-version":[{"id":1053,"href":"https:\/\/albanieoffroadpruvodce.cz\/index.php?rest_route=\/wp\/v2\/pages\/940\/revisions\/1053"}],"wp:attachment":[{"href":"https:\/\/albanieoffroadpruvodce.cz\/index.php?rest_route=%2Fwp%2Fv2%2Fmedia&parent=940"}],"curies":[{"name":"wp","href":"https:\/\/api.w.org\/{rel}","templated":true}]}}